{"id":243821,"date":"2023-07-18T21:25:22","date_gmt":"2023-07-18T21:25:22","guid":{"rendered":"https:\/\/wolfspiritecuador.com\/?page_id=243821"},"modified":"2023-07-24T16:52:07","modified_gmt":"2023-07-24T16:52:07","slug":"empresas","status":"publish","type":"page","link":"https:\/\/wolfspiritecuador.com\/?page_id=243821","title":{"rendered":"Empresas"},"content":{"rendered":"<p>[et_pb_section fb_built=\u00bb1&#8243; _builder_version=\u00bb4.21.0&#8243; background_color=\u00bb#00acec\u00bb use_background_color_gradient=\u00bbon\u00bb background_color_gradient_type=\u00bbcircular\u00bb background_color_gradient_stops=\u00bb#585858 0%|#00acec 100%\u00bb background_color_gradient_start=\u00bbrgba(136,30,103,0.61)\u00bb background_color_gradient_end=\u00bb#881e67&#8243; background_enable_image=\u00bboff\u00bb custom_padding=\u00bb0px||0px||false|false\u00bb hover_enabled=\u00bb0&#8243; global_colors_info=\u00bb{}\u00bb sticky_enabled=\u00bb0&#8243; da_is_popup=\u00bboff\u00bb da_exit_intent=\u00bboff\u00bb da_has_close=\u00bbon\u00bb da_alt_close=\u00bboff\u00bb da_dark_close=\u00bboff\u00bb da_not_modal=\u00bbon\u00bb da_is_singular=\u00bboff\u00bb da_with_loader=\u00bboff\u00bb da_has_shadow=\u00bbon\u00bb da_disable_devices=\u00bboff|off|off\u00bb][et_pb_row column_structure=\u00bb1_2,1_2&#8243; _builder_version=\u00bb4.21.0&#8243; background_image=\u00bbhttps:\/\/wolfspiritecuador.com\/wp-content\/uploads\/2023\/07\/tiago-rosado-cMG5qjpnsyg-unsplash.jpg\u00bb parallax=\u00bbon\u00bb parallax_method=\u00bboff\u00bb width=\u00bb100%\u00bb max_width=\u00bb100%\u00bb height=\u00bb900px\u00bb height_tablet=\u00bb2000px\u00bb height_phone=\u00bb2000px\u00bb height_last_edited=\u00bbon|desktop\u00bb custom_padding=\u00bb0px||0px||false|false\u00bb animation_style=\u00bbslide\u00bb animation_direction=\u00bbleft\u00bb animation_duration=\u00bb1250ms\u00bb animation_delay=\u00bb1800ms\u00bb hover_enabled=\u00bb0&#8243; global_colors_info=\u00bb{}\u00bb title_text=\u00bbtiago-rosado-cMG5qjpnsyg-unsplash\u00bb sticky_enabled=\u00bb0&#8243;][et_pb_column type=\u00bb1_2&#8243; _builder_version=\u00bb4.16&#8243; global_colors_info=\u00bb{}\u00bb][\/et_pb_column][et_pb_column type=\u00bb1_2&#8243; _builder_version=\u00bb4.16&#8243; global_colors_info=\u00bb{}\u00bb][\/et_pb_column][\/et_pb_row][et_pb_row column_structure=\u00bb1_2,1_2&#8243; _builder_version=\u00bb4.21.0&#8243; background_enable_image=\u00bboff\u00bb width=\u00bb100%\u00bb max_width=\u00bb100%\u00bb custom_margin=\u00bb-900px||||false|false\u00bb custom_margin_tablet=\u00bb-2000px||||false|false\u00bb custom_margin_phone=\u00bb\u00bb custom_margin_last_edited=\u00bbon|phone\u00bb custom_padding=\u00bb10vw|10vw||10vw|false|true\u00bb animation_style=\u00bbzoom\u00bb hover_enabled=\u00bb0&#8243; global_colors_info=\u00bb{}\u00bb sticky_enabled=\u00bb0&#8243;][et_pb_column type=\u00bb1_2&#8243; _builder_version=\u00bb4.16&#8243; global_colors_info=\u00bb{}\u00bb][et_pb_text _builder_version=\u00bb4.21.0&#8243; text_font=\u00bbFira Sans|300|||||||\u00bb text_text_color=\u00bb#ffffff\u00bb text_font_size=\u00bb70px\u00bb text_line_height=\u00bb1em\u00bb link_font=\u00bb||||on||||\u00bb link_text_color=\u00bb#ffffff\u00bb link_font_size=\u00bb30px\u00bb link_letter_spacing=\u00bb2px\u00bb background_image=\u00bbhttps:\/\/wolfspiritecuador.com\/wp-content\/uploads\/2023\/07\/tiago-rosado-cMG5qjpnsyg-unsplash.jpg\u00bb parallax=\u00bbon\u00bb parallax_method=\u00bboff\u00bb custom_padding=\u00bb20%|10%|20%|10%|true|true\u00bb animation_style=\u00bbslide\u00bb animation_direction=\u00bbleft\u00bb animation_duration=\u00bb1500ms\u00bb animation_intensity_slide=\u00bb80%\u00bb animation_starting_opacity=\u00bb20%\u00bb hover_enabled=\u00bb0&#8243; border_width_all=\u00bb20px\u00bb border_color_all=\u00bb#ffffff\u00bb global_colors_info=\u00bb{}\u00bb link_text_color__hover_enabled=\u00bbon\u00bb link_text_color__hover=\u00bb#881e67&#8243; title_text=\u00bbtiago-rosado-cMG5qjpnsyg-unsplash\u00bb sticky_enabled=\u00bb0&#8243; header_font=\u00bbWolfSpirit||||||||\u00bb header_text_color=\u00bb#FFFFFF\u00bb header_font_size=\u00bb40px\u00bb header_text_shadow_style=\u00bbpreset3&#8243; header_text_shadow_color=\u00bb#000000&#8243; locked=\u00bboff\u00bb]<\/p>\n<h1><span>CURSOS PARA EMPRESAS BASADOS EN COACHING COERCITIVO, LIDERAZGO Y TRABAJO EN EQUIPO.<\/span><\/h1>\n<p>&nbsp;<\/p>\n<p>[\/et_pb_text][\/et_pb_column][et_pb_column type=\u00bb1_2&#8243; _builder_version=\u00bb4.16&#8243; hover_enabled=\u00bb0&#8243; global_colors_info=\u00bb{}\u00bb sticky_enabled=\u00bb0&#8243;][et_pb_text _builder_version=\u00bb4.21.0&#8243; text_font=\u00bbWolfSpirit|600||on|||||\u00bb text_text_color=\u00bb#FFFFFF\u00bb text_letter_spacing=\u00bb4px\u00bb background_image=\u00bbhttps:\/\/wolfspiritecuador.com\/wp-content\/uploads\/2023\/07\/leon-contreras-YndHL7gQIJE-unsplash.jpg\u00bb parallax=\u00bbon\u00bb text_orientation=\u00bbcenter\u00bb width=\u00bb320px\u00bb max_width=\u00bb320px\u00bb module_alignment=\u00bbcenter\u00bb custom_margin=\u00bb-5vw||4vw||false|false\u00bb custom_margin_tablet=\u00bb3vw||||false|false\u00bb custom_margin_phone=\u00bb\u00bb custom_margin_last_edited=\u00bbon|desktop\u00bb custom_padding=\u00bb70px||70px||false|false\u00bb animation_style=\u00bbslide\u00bb animation_direction=\u00bbtop\u00bb animation_delay=\u00bb200ms\u00bb hover_enabled=\u00bb0&#8243; border_width_all=\u00bb20px\u00bb border_color_all=\u00bb#ffffff\u00bb text_text_align=\u00bbcenter\u00bb global_colors_info=\u00bb{}\u00bb title_text=\u00bbleon-contreras-YndHL7gQIJE-unsplash\u00bb sticky_enabled=\u00bb0&#8243; text_font_size=\u00bb30px\u00bb]<\/p>\n<p>MindHacking<\/p>\n<p>[\/et_pb_text][et_pb_text _builder_version=\u00bb4.21.0&#8243; text_font=\u00bbWolfSpirit|600||on|||||\u00bb text_text_color=\u00bb#ffffff\u00bb text_letter_spacing=\u00bb10px\u00bb background_image=\u00bbhttps:\/\/wolfspiritecuador.com\/wp-content\/uploads\/2023\/07\/kekai-ahsam-oVVx567Z0zs-unsplash.jpg\u00bb parallax=\u00bbon\u00bb text_orientation=\u00bbcenter\u00bb width=\u00bb240px\u00bb max_width=\u00bb240px\u00bb module_alignment=\u00bbleft\u00bb custom_margin_last_edited=\u00bboff|tablet\u00bb custom_padding=\u00bb170px|95px|170px|95px|false|false\u00bb animation_style=\u00bbslide\u00bb animation_direction=\u00bbbottom\u00bb animation_delay=\u00bb200ms\u00bb hover_enabled=\u00bb0&#8243; border_width_all=\u00bb20px\u00bb border_color_all=\u00bb#ffffff\u00bb text_text_align=\u00bbcenter\u00bb global_colors_info=\u00bb{}\u00bb custom_margin__hover_enabled=\u00bboff\u00bb title_text=\u00bbkekai-ahsam-oVVx567Z0zs-unsplash\u00bb sticky_enabled=\u00bb0&#8243; text_font_size=\u00bb17px\u00bb]<\/p>\n<p>\u00daNETE<\/p>\n<p>[\/et_pb_text][\/et_pb_column][\/et_pb_row][\/et_pb_section][et_pb_section fb_built=\u00bb1&#8243; _builder_version=\u00bb4.21.0&#8243; _module_preset=\u00bbdefault\u00bb background_color=\u00bb#00acec\u00bb background_image=\u00bbhttps:\/\/wolfspiritecuador.com\/wp-content\/uploads\/2023\/07\/hombre-tiro-completo-sentado-roca-scaled.jpg\u00bb background_blend=\u00bbmultiply\u00bb da_disable_devices=\u00bboff|off|off\u00bb global_colors_info=\u00bb{}\u00bb background__hover_enabled=\u00bbon|hover\u00bb background_color__hover=\u00bb#87d1ed\u00bb background_enable_color__hover=\u00bbon\u00bb da_is_popup=\u00bboff\u00bb da_exit_intent=\u00bboff\u00bb da_has_close=\u00bbon\u00bb da_alt_close=\u00bboff\u00bb da_dark_close=\u00bboff\u00bb da_not_modal=\u00bbon\u00bb da_is_singular=\u00bboff\u00bb da_with_loader=\u00bboff\u00bb da_has_shadow=\u00bbon\u00bb][et_pb_row column_structure=\u00bb1_2,1_2&#8243; _builder_version=\u00bb4.21.0&#8243; _module_preset=\u00bbdefault\u00bb global_colors_info=\u00bb{}\u00bb][et_pb_column type=\u00bb1_2&#8243; _builder_version=\u00bb4.21.0&#8243; _module_preset=\u00bbdefault\u00bb global_colors_info=\u00bb{}\u00bb][\/et_pb_column][et_pb_column type=\u00bb1_2&#8243; _builder_version=\u00bb4.21.0&#8243; _module_preset=\u00bbdefault\u00bb global_colors_info=\u00bb{}\u00bb][et_pb_text _builder_version=\u00bb4.21.0&#8243; _module_preset=\u00bbdefault\u00bb header_font=\u00bbWolfSpirit|900|||||||\u00bb header_text_color=\u00bb#FFFFFF\u00bb header_font_size=\u00bb4vw\u00bb header_letter_spacing=\u00bb4px\u00bb header_line_height=\u00bb1.3em\u00bb animation_style=\u00bbslide\u00bb animation_direction=\u00bbright\u00bb header_font_size_tablet=\u00bb8vw\u00bb header_font_size_phone=\u00bb8vw\u00bb header_font_size_last_edited=\u00bbon|desktop\u00bb global_colors_info=\u00bb{}\u00bb]<\/p>\n<h1><span>MindHacking Programaci\u00f3n Neurolinguistica<\/span><\/h1>\n<p>[\/et_pb_text][\/et_pb_column][\/et_pb_row][et_pb_row column_structure=\u00bb1_2,1_2&#8243; _builder_version=\u00bb4.21.0&#8243; _module_preset=\u00bbdefault\u00bb min_height=\u00bb297.1px\u00bb global_colors_info=\u00bb{}\u00bb][et_pb_column type=\u00bb1_2&#8243; _builder_version=\u00bb4.21.0&#8243; _module_preset=\u00bbdefault\u00bb global_colors_info=\u00bb{}\u00bb][et_pb_text _builder_version=\u00bb4.21.0&#8243; _module_preset=\u00bbdefault\u00bb hover_enabled=\u00bb0&#8243; global_colors_info=\u00bb{}\u00bb sticky_enabled=\u00bb0&#8243;]<\/p>\n<p>&nbsp;<\/p>\n<p>&nbsp;<\/p>\n<p>[\/et_pb_text][\/et_pb_column][et_pb_column type=\u00bb1_2&#8243; _builder_version=\u00bb4.21.0&#8243; _module_preset=\u00bbdefault\u00bb global_colors_info=\u00bb{}\u00bb][et_pb_text _builder_version=\u00bb4.21.0&#8243; _module_preset=\u00bbdefault\u00bb text_font=\u00bbWolfSpirit||||||||\u00bb text_text_color=\u00bb#FFFFFF\u00bb animation_style=\u00bbslide\u00bb animation_direction=\u00bbright\u00bb global_colors_info=\u00bb{}\u00bb]<\/p>\n<p><span>Tu y\/o tus colaboradores podr\u00e1n eliminar definitivamente creencias que te limiten a progresar, ciertos aspectos del pasado negativo que te tienen detenido, potencia tu vida. Si dominas el manejo adecuado de la Programaci\u00f3n Neuroling\u00fc\u00edstica y Coaching seguro lo lograras. <\/span><\/p>\n<p><span>Hackear tu mentalidad si es posible, solo si quieres y solo si puedes formar parte de este curso, obt\u00e9n la vida que deseas, el trabajo que deseas, el matrimonio que deseas, todo esto ser\u00e1 generado por tu capacidad de generar cambios profundos internamente.<\/span><\/p>\n<p>[\/et_pb_text][et_pb_text _builder_version=\u00bb4.21.0&#8243; _module_preset=\u00bbdefault\u00bb text_font=\u00bbWolfSpirit|900|||||||\u00bb text_text_color=\u00bb#FFFFFF\u00bb text_font_size=\u00bb26px\u00bb header_text_align=\u00bbcenter\u00bb text_orientation=\u00bbcenter\u00bb width=\u00bb35%\u00bb max_width=\u00bb100%\u00bb module_alignment=\u00bbcenter\u00bb animation_style=\u00bbbounce\u00bb animation_direction=\u00bbbottom\u00bb hover_enabled=\u00bb0&#8243; border_color_bottom=\u00bb#FFFFFF\u00bb global_colors_info=\u00bb{}\u00bb transform_styles__hover_enabled=\u00bbon|hover\u00bb transform_scale__hover_enabled=\u00bbon|hover\u00bb transform_translate__hover_enabled=\u00bbon|desktop\u00bb transform_rotate__hover_enabled=\u00bbon|desktop\u00bb transform_skew__hover_enabled=\u00bbon|desktop\u00bb transform_origin__hover_enabled=\u00bbon|desktop\u00bb transform_scale__hover=\u00bb112%|112%\u00bb link_option_url=\u00bbhttps:\/\/wolfspiritecuador.com\/?page_id=2151&#8243; sticky_enabled=\u00bb0&#8243;]<\/p>\n<p align=\"justify\">\u00a1Dec\u00eddete hoy!<\/p>\n<p>[\/et_pb_text][\/et_pb_column][\/et_pb_row][\/et_pb_section][et_pb_section fb_built=\u00bb1&#8243; _builder_version=\u00bb4.21.0&#8243; _module_preset=\u00bbdefault\u00bb background_color=\u00bb#00acec\u00bb background_image=\u00bbhttps:\/\/wolfspiritecuador.com\/wp-content\/uploads\/2023\/07\/mujer-alto-angulo-mochila-scaled.jpg\u00bb background_blend=\u00bbmultiply\u00bb da_disable_devices=\u00bboff|off|off\u00bb global_colors_info=\u00bb{}\u00bb background_color__hover=\u00bb#87d1ed\u00bb background_enable_color__hover=\u00bbon\u00bb background__hover_enabled=\u00bbon|hover\u00bb da_is_popup=\u00bboff\u00bb da_exit_intent=\u00bboff\u00bb da_has_close=\u00bbon\u00bb da_alt_close=\u00bboff\u00bb da_dark_close=\u00bboff\u00bb da_not_modal=\u00bbon\u00bb da_is_singular=\u00bboff\u00bb da_with_loader=\u00bboff\u00bb da_has_shadow=\u00bbon\u00bb][et_pb_row column_structure=\u00bb1_2,1_2&#8243; _builder_version=\u00bb4.21.0&#8243; _module_preset=\u00bbdefault\u00bb global_colors_info=\u00bb{}\u00bb][et_pb_column type=\u00bb1_2&#8243; _builder_version=\u00bb4.21.0&#8243; _module_preset=\u00bbdefault\u00bb global_colors_info=\u00bb{}\u00bb][et_pb_text _builder_version=\u00bb4.21.0&#8243; _module_preset=\u00bbdefault\u00bb text_letter_spacing=\u00bb5px\u00bb header_font=\u00bbWolfSpirit|900|||||||\u00bb header_text_align=\u00bbright\u00bb header_text_color=\u00bb#FFFFFF\u00bb header_font_size=\u00bb4vw\u00bb header_letter_spacing=\u00bb5px\u00bb header_line_height=\u00bb1.3em\u00bb animation_style=\u00bbslide\u00bb animation_direction=\u00bbleft\u00bb header_font_size_tablet=\u00bb8vw\u00bb header_font_size_phone=\u00bb8vw\u00bb header_font_size_last_edited=\u00bbon|desktop\u00bb global_colors_info=\u00bb{}\u00bb]<\/p>\n<h1>Taller del Prop\u00f3sito y Derechos Humanos para Mujeres<span><\/span><\/h1>\n<p>[\/et_pb_text][\/et_pb_column][et_pb_column type=\u00bb1_2&#8243; _builder_version=\u00bb4.21.0&#8243; _module_preset=\u00bbdefault\u00bb global_colors_info=\u00bb{}\u00bb][\/et_pb_column][\/et_pb_row][et_pb_row column_structure=\u00bb1_2,1_2&#8243; _builder_version=\u00bb4.21.0&#8243; _module_preset=\u00bbdefault\u00bb global_colors_info=\u00bb{}\u00bb][et_pb_column type=\u00bb1_2&#8243; _builder_version=\u00bb4.21.0&#8243; _module_preset=\u00bbdefault\u00bb global_colors_info=\u00bb{}\u00bb][et_pb_text _builder_version=\u00bb4.21.0&#8243; _module_preset=\u00bbdefault\u00bb text_font=\u00bbWolfSpirit||||||||\u00bb text_text_color=\u00bb#FFFFFF\u00bb text_orientation=\u00bbright\u00bb animation_style=\u00bbslide\u00bb animation_direction=\u00bbleft\u00bb global_colors_info=\u00bb{}\u00bb]<\/p>\n<p><span>A trav\u00e9s de la recreaci\u00f3n en el ambiente natural de la Amazon\u00eda Ecuatoriana grupos de mujeres de tu organizaci\u00f3n, participan de dos Talleres Formativos Pr\u00e1cticos, especialmente elegidos para plasmar y dejar inscrito en la mente de ellas un mensaje permanente de valores y herramientas que les permitir\u00e1n tomar el control de sus vidas y sanar aquellos vestigios que las han detenido hasta ahora a lograr sus sue\u00f1os, mejorando as\u00ed la productividad en todos los \u00e1mbitos de su vida. <\/span><\/p>\n<p>[\/et_pb_text][et_pb_text _builder_version=\u00bb4.21.0&#8243; _module_preset=\u00bbdefault\u00bb text_font=\u00bbWolfSpirit|900|||||||\u00bb text_text_color=\u00bb#FFFFFF\u00bb text_font_size=\u00bb26px\u00bb header_text_align=\u00bbcenter\u00bb text_orientation=\u00bbcenter\u00bb width=\u00bb35%\u00bb max_width=\u00bb100%\u00bb module_alignment=\u00bbcenter\u00bb animation_style=\u00bbbounce\u00bb animation_direction=\u00bbbottom\u00bb hover_enabled=\u00bb0&#8243; border_color_bottom=\u00bb#FFFFFF\u00bb locked=\u00bboff\u00bb global_colors_info=\u00bb{}\u00bb transform_styles__hover_enabled=\u00bbon|hover\u00bb transform_scale__hover=\u00bb112%|112%\u00bb transform_scale__hover_enabled=\u00bbon|hover\u00bb transform_translate__hover_enabled=\u00bbon|desktop\u00bb transform_rotate__hover_enabled=\u00bbon|desktop\u00bb transform_skew__hover_enabled=\u00bbon|desktop\u00bb transform_origin__hover_enabled=\u00bbon|desktop\u00bb link_option_url=\u00bbhttps:\/\/wolfspiritecuador.com\/?page_id=2151&#8243; sticky_enabled=\u00bb0&#8243;]<\/p>\n<p align=\"justify\">\u00a1Dec\u00eddete hoy!<\/p>\n<p>[\/et_pb_text][\/et_pb_column][et_pb_column type=\u00bb1_2&#8243; _builder_version=\u00bb4.21.0&#8243; _module_preset=\u00bbdefault\u00bb global_colors_info=\u00bb{}\u00bb][et_pb_text _builder_version=\u00bb4.21.0&#8243; _module_preset=\u00bbdefault\u00bb global_colors_info=\u00bb{}\u00bb]<\/p>\n<p>&nbsp;<\/p>\n<p>&nbsp;<\/p>\n<p>[\/et_pb_text][\/et_pb_column][\/et_pb_row][\/et_pb_section][et_pb_section fb_built=\u00bb1&#8243; _builder_version=\u00bb4.21.0&#8243; _module_preset=\u00bbdefault\u00bb background_color=\u00bb#00acec\u00bb background_image=\u00bbhttps:\/\/wolfspiritecuador.com\/wp-content\/uploads\/2023\/07\/concepto-camping-invierno-carpa-scaled.jpg\u00bb background_blend=\u00bbmultiply\u00bb da_disable_devices=\u00bboff|off|off\u00bb global_colors_info=\u00bb{}\u00bb background_color__hover=\u00bb#87d1ed\u00bb background_enable_color__hover=\u00bbon\u00bb background__hover_enabled=\u00bbon|hover\u00bb da_is_popup=\u00bboff\u00bb da_exit_intent=\u00bboff\u00bb da_has_close=\u00bbon\u00bb da_alt_close=\u00bboff\u00bb da_dark_close=\u00bboff\u00bb da_not_modal=\u00bbon\u00bb da_is_singular=\u00bboff\u00bb da_with_loader=\u00bboff\u00bb da_has_shadow=\u00bbon\u00bb][et_pb_row column_structure=\u00bb1_2,1_2&#8243; _builder_version=\u00bb4.21.0&#8243; _module_preset=\u00bbdefault\u00bb custom_padding=\u00bb0px||0px||false|false\u00bb global_colors_info=\u00bb{}\u00bb][et_pb_column type=\u00bb1_2&#8243; _builder_version=\u00bb4.21.0&#8243; _module_preset=\u00bbdefault\u00bb global_colors_info=\u00bb{}\u00bb][\/et_pb_column][et_pb_column type=\u00bb1_2&#8243; _builder_version=\u00bb4.21.0&#8243; _module_preset=\u00bbdefault\u00bb global_colors_info=\u00bb{}\u00bb][et_pb_text _builder_version=\u00bb4.21.0&#8243; _module_preset=\u00bbdefault\u00bb text_letter_spacing=\u00bb5px\u00bb header_font=\u00bbWolfSpirit|900|||||||\u00bb header_text_align=\u00bbleft\u00bb header_text_color=\u00bb#FFFFFF\u00bb header_font_size=\u00bb4vw\u00bb header_letter_spacing=\u00bb4px\u00bb header_line_height=\u00bb1.5em\u00bb animation_style=\u00bbslide\u00bb animation_direction=\u00bbright\u00bb header_font_size_tablet=\u00bb8vw\u00bb header_font_size_phone=\u00bb8vw\u00bb header_font_size_last_edited=\u00bbon|desktop\u00bb global_colors_info=\u00bb{}\u00bb]<\/p>\n<h1>Camping, Team Building Day, Family Day Camp, Banquetes Empresariales.<\/h1>\n<p>[\/et_pb_text][\/et_pb_column][\/et_pb_row][et_pb_row column_structure=\u00bb1_2,1_2&#8243; _builder_version=\u00bb4.21.0&#8243; _module_preset=\u00bbdefault\u00bb global_colors_info=\u00bb{}\u00bb][et_pb_column type=\u00bb1_2&#8243; _builder_version=\u00bb4.21.0&#8243; _module_preset=\u00bbdefault\u00bb global_colors_info=\u00bb{}\u00bb][et_pb_text _builder_version=\u00bb4.21.0&#8243; _module_preset=\u00bbdefault\u00bb global_colors_info=\u00bb{}\u00bb]<\/p>\n<p>&nbsp;<\/p>\n<p>&nbsp;<\/p>\n<p>[\/et_pb_text][\/et_pb_column][et_pb_column type=\u00bb1_2&#8243; _builder_version=\u00bb4.21.0&#8243; _module_preset=\u00bbdefault\u00bb global_colors_info=\u00bb{}\u00bb][et_pb_text _builder_version=\u00bb4.21.0&#8243; _module_preset=\u00bbdefault\u00bb text_font=\u00bbWolfSpirit||||||||\u00bb text_text_color=\u00bb#FFFFFF\u00bb animation_style=\u00bbslide\u00bb animation_direction=\u00bbright\u00bb global_colors_info=\u00bb{}\u00bb]<\/p>\n<p><span>Nuestra rama empresarial mas amplia se especializa en actividades entre tus colaboradores, a trave\u0301s de actividades recreativas, aplicadas por nuestro staff de facilitadores altamente capacitados, fomentamos factores esenciales para lograr una mejor comunicacio\u0301n y convivencia entre los participantes, consiguiendo que adquieran nuevas perspectivas y habilidades respecto al trabajo en equipo, y, con ello, lograr una mejor productividad, moldeando un equipo de trabajo de alto desempen\u0303o. Asi\u0301 como tambie\u0301n proveemos diversos servicios de eventos para el recreo de los colaboradores, y asi\u0301 puedan tener un mejor rendimiento.<\/span><\/p>\n<p>[\/et_pb_text][et_pb_text _builder_version=\u00bb4.21.0&#8243; _module_preset=\u00bbdefault\u00bb text_font=\u00bbWolfSpirit|900|||||||\u00bb text_text_color=\u00bb#FFFFFF\u00bb text_font_size=\u00bb26px\u00bb header_text_align=\u00bbcenter\u00bb text_orientation=\u00bbcenter\u00bb width=\u00bb35%\u00bb max_width=\u00bb100%\u00bb module_alignment=\u00bbcenter\u00bb animation_style=\u00bbbounce\u00bb animation_direction=\u00bbbottom\u00bb hover_enabled=\u00bb0&#8243; border_color_bottom=\u00bb#FFFFFF\u00bb locked=\u00bboff\u00bb global_colors_info=\u00bb{}\u00bb transform_styles__hover_enabled=\u00bbon|hover\u00bb transform_scale__hover_enabled=\u00bbon|hover\u00bb transform_translate__hover_enabled=\u00bbon|desktop\u00bb transform_rotate__hover_enabled=\u00bbon|desktop\u00bb transform_skew__hover_enabled=\u00bbon|desktop\u00bb transform_origin__hover_enabled=\u00bbon|desktop\u00bb transform_scale__hover=\u00bb112%|112%\u00bb link_option_url=\u00bbhttps:\/\/wolfspiritecuador.com\/?page_id=2151&#8243; sticky_enabled=\u00bb0&#8243;]<\/p>\n<p align=\"justify\">\u00a1Dec\u00eddete hoy!<\/p>\n<p>[\/et_pb_text][\/et_pb_column][\/et_pb_row][\/et_pb_section]<\/p>\n","protected":false},"excerpt":{"rendered":"<p>CURSOS PARA EMPRESAS BASADOS EN COACHING COERCITIVO, LIDERAZGO Y TRABAJO EN EQUIPO. &nbsp;MindHacking\u00daNETEMindHacking Programaci\u00f3n Neurolinguistica&nbsp; &nbsp;Tu y\/o tus colaboradores podr\u00e1n eliminar definitivamente creencias que te limiten a progresar, ciertos aspectos del pasado negativo que te tienen detenido, potencia tu vida. Si dominas el manejo adecuado de la Programaci\u00f3n Neuroling\u00fc\u00edstica y Coaching seguro lo lograras. Hackear [&hellip;]<\/p>\n","protected":false},"author":1,"featured_media":0,"parent":0,"menu_order":0,"comment_status":"closed","ping_status":"closed","template":"","meta":{"_et_pb_use_builder":"on","_et_pb_old_content":"","_et_gb_content_width":"","footnotes":""},"class_list":["post-243821","page","type-page","status-publish","hentry"],"_hostinger_reach_plugin_has_subscription_block":false,"_hostinger_reach_plugin_is_elementor":false,"_links":{"self":[{"href":"https:\/\/wolfspiritecuador.com\/index.php?rest_route=\/wp\/v2\/pages\/243821","targetHints":{"allow":["GET"]}}],"collection":[{"href":"https:\/\/wolfspiritecuador.com\/index.php?rest_route=\/wp\/v2\/pages"}],"about":[{"href":"https:\/\/wolfspiritecuador.com\/index.php?rest_route=\/wp\/v2\/types\/page"}],"author":[{"embeddable":true,"href":"https:\/\/wolfspiritecuador.com\/index.php?rest_route=\/wp\/v2\/users\/1"}],"replies":[{"embeddable":true,"href":"https:\/\/wolfspiritecuador.com\/index.php?rest_route=%2Fwp%2Fv2%2Fcomments&post=243821"}],"version-history":[{"count":0,"href":"https:\/\/wolfspiritecuador.com\/index.php?rest_route=\/wp\/v2\/pages\/243821\/revisions"}],"wp:attachment":[{"href":"https:\/\/wolfspiritecuador.com\/index.php?rest_route=%2Fwp%2Fv2%2Fmedia&parent=243821"}],"curies":[{"name":"wp","href":"https:\/\/api.w.org\/{rel}","templated":true}]}}